{"id":27,"date":"2025-08-21T08:11:20","date_gmt":"2025-08-21T08:11:20","guid":{"rendered":"https:\/\/almhult.hemsida.eu\/?page_id=27"},"modified":"2025-09-12T13:16:59","modified_gmt":"2025-09-12T13:16:59","slug":"hem","status":"publish","type":"page","link":"https:\/\/almhult.hemsida.eu\/","title":{"rendered":"Hem"},"content":{"rendered":"\t\t<div data-elementor-type=\"wp-page\" data-elementor-id=\"27\" class=\"elementor elementor-27\" data-elementor-post-type=\"page\">\n\t\t\t\t<div class=\"elementor-element elementor-element-38186f1 e-flex e-con-boxed e-con e-parent\" data-id=\"38186f1\" data-element_type=\"container\" data-settings=\"{&quot;background_background&quot;:&quot;classic&quot;,&quot;background_motion_fx_motion_fx_scrolling&quot;:&quot;yes&quot;,&quot;background_motion_fx_scale_effect&quot;:&quot;yes&quot;,&quot;background_motion_fx_scale_range&quot;:{&quot;unit&quot;:&quot;%&quot;,&quot;size&quot;:&quot;&quot;,&quot;sizes&quot;:{&quot;start&quot;:48,&quot;end&quot;:100}},&quot;background_motion_fx_scale_direction&quot;:&quot;out-in&quot;,&quot;background_motion_fx_scale_speed&quot;:{&quot;unit&quot;:&quot;px&quot;,&quot;size&quot;:4,&quot;sizes&quot;:[]},&quot;background_motion_fx_devices&quot;:[&quot;desktop&quot;,&quot;tablet&quot;,&quot;mobile&quot;]}\">\n\t\t\t\t\t<div class=\"e-con-inner\">\n\t\t<div class=\"elementor-element elementor-element-0d2c22e e-con-full e-flex e-con e-child\" data-id=\"0d2c22e\" data-element_type=\"container\">\n\t\t\t\t<div class=\"elementor-element elementor-element-af89550 elementor-invisible elementor-widget elementor-widget-heading\" data-id=\"af89550\" data-element_type=\"widget\" data-settings=\"{&quot;_animation&quot;:&quot;fadeInLeft&quot;}\" data-widget_type=\"heading.default\">\n\t\t\t\t\t<h2 class=\"elementor-heading-title elementor-size-default\">\u00c4lmhult f\u00f6renar det<\/br> globala med det n\u00e4ra<\/h2>\t\t\t\t<\/div>\n\t\t\t\t<div class=\"elementor-element elementor-element-64cf306 elementor-invisible elementor-widget elementor-widget-text-editor\" data-id=\"64cf306\" data-element_type=\"widget\" data-settings=\"{&quot;_animation&quot;:&quot;fadeInLeft&quot;}\" data-widget_type=\"text-editor.default\">\n\t\t\t\t\t\t\t\t\t<p>&#8211; En plats full av kreativitet och v\u00e4rme \u2013 d\u00e4r du snabbt k\u00e4nner dig hemma, men har v\u00e4rlden inom r\u00e4ckh\u00e5ll.<\/p>\t\t\t\t\t\t\t\t<\/div>\n\t\t\t\t<\/div>\n\t\t<div class=\"elementor-element elementor-element-4df111f e-con-full e-flex e-con e-child\" data-id=\"4df111f\" data-element_type=\"container\">\n\t\t\t\t<\/div>\n\t\t\t\t\t<\/div>\n\t\t\t\t<\/div>\n\t\t<div class=\"elementor-element elementor-element-17773ae e-flex e-con-boxed e-con e-parent\" data-id=\"17773ae\" data-element_type=\"container\">\n\t\t\t\t\t<div class=\"e-con-inner\">\n\t\t<a class=\"elementor-element elementor-element-b4c9dbe e-con-full e-flex e-con e-child\" data-id=\"b4c9dbe\" data-element_type=\"container\" data-settings=\"{&quot;background_background&quot;:&quot;classic&quot;}\">\n\t\t\t\t<div class=\"elementor-element elementor-element-9b11337 elementor-icon-list--layout-traditional elementor-list-item-link-full_width elementor-widget elementor-widget-icon-list\" data-id=\"9b11337\" data-element_type=\"widget\" data-widget_type=\"icon-list.default\">\n\t\t\t\t\t\t\t<ul class=\"elementor-icon-list-items\">\n\t\t\t\t\t\t\t<li class=\"elementor-icon-list-item\">\n\t\t\t\t\t\t\t\t\t\t\t<span class=\"elementor-icon-list-icon\">\n\t\t\t\t\t\t\t<i aria-hidden=\"true\" class=\"icon icon-chevron-right\"><\/i>\t\t\t\t\t\t<\/span>\n\t\t\t\t\t\t\t\t\t\t<span class=\"elementor-icon-list-text\">Lediga jobb<\/span>\n\t\t\t\t\t\t\t\t\t<\/li>\n\t\t\t\t\t\t<\/ul>\n\t\t\t\t\t\t<\/div>\n\t\t\t\t<\/a>\n\t\t<a class=\"elementor-element elementor-element-209fc97 e-con-full e-flex e-con e-child\" data-id=\"209fc97\" data-element_type=\"container\" data-settings=\"{&quot;background_background&quot;:&quot;classic&quot;}\">\n\t\t\t\t<div class=\"elementor-element elementor-element-7b44eaf elementor-icon-list--layout-traditional elementor-list-item-link-full_width elementor-widget elementor-widget-icon-list\" data-id=\"7b44eaf\" data-element_type=\"widget\" data-widget_type=\"icon-list.default\">\n\t\t\t\t\t\t\t<ul class=\"elementor-icon-list-items\">\n\t\t\t\t\t\t\t<li class=\"elementor-icon-list-item\">\n\t\t\t\t\t\t\t\t\t\t\t<span class=\"elementor-icon-list-icon\">\n\t\t\t\t\t\t\t<i aria-hidden=\"true\" class=\"icon icon-chevron-right\"><\/i>\t\t\t\t\t\t<\/span>\n\t\t\t\t\t\t\t\t\t\t<span class=\"elementor-icon-list-text\">Bo & Leva<\/span>\n\t\t\t\t\t\t\t\t\t<\/li>\n\t\t\t\t\t\t<\/ul>\n\t\t\t\t\t\t<\/div>\n\t\t\t\t<\/a>\n\t\t<a class=\"elementor-element elementor-element-427b729 e-con-full e-flex e-con e-child\" data-id=\"427b729\" data-element_type=\"container\" data-settings=\"{&quot;background_background&quot;:&quot;classic&quot;}\">\n\t\t\t\t<div class=\"elementor-element elementor-element-7cb724a elementor-icon-list--layout-traditional elementor-list-item-link-full_width elementor-widget elementor-widget-icon-list\" data-id=\"7cb724a\" data-element_type=\"widget\" data-widget_type=\"icon-list.default\">\n\t\t\t\t\t\t\t<ul class=\"elementor-icon-list-items\">\n\t\t\t\t\t\t\t<li class=\"elementor-icon-list-item\">\n\t\t\t\t\t\t\t\t\t\t\t<span class=\"elementor-icon-list-icon\">\n\t\t\t\t\t\t\t<i aria-hidden=\"true\" class=\"icon icon-chevron-right\"><\/i>\t\t\t\t\t\t<\/span>\n\t\t\t\t\t\t\t\t\t\t<span class=\"elementor-icon-list-text\">Utbildningar<\/span>\n\t\t\t\t\t\t\t\t\t<\/li>\n\t\t\t\t\t\t<\/ul>\n\t\t\t\t\t\t<\/div>\n\t\t\t\t<\/a>\n\t\t\t\t\t<\/div>\n\t\t\t\t<\/div>\n\t\t\t\t<\/div>\n\t\t","protected":false},"excerpt":{"rendered":"<p>\u00c4lmhult f\u00f6renar det globala med det n\u00e4ra &#8211; En plats full av kreativitet och v\u00e4rme \u2013 d\u00e4r du snabbt k\u00e4nner dig hemma, men har v\u00e4rlden inom r\u00e4ckh\u00e5ll. Lediga jobb Bo &#038; Leva Utbildningar<\/p>\n","protected":false},"author":1,"featured_media":0,"parent":0,"menu_order":0,"comment_status":"closed","ping_status":"closed","template":"","meta":{"footnotes":""},"class_list":["post-27","page","type-page","status-publish","hentry"],"yoast_head":"<!-- This site is optimized with the Yoast SEO plugin v25.9 - https:\/\/yoast.com\/wordpress\/plugins\/seo\/ -->\n<title>Hem - \u00c4lmhult<\/title>\n<meta name=\"robots\" content=\"noindex, follow, max-snippet:-1, max-image-preview:large, max-video-preview:-1\" \/>\n<meta property=\"og:locale\" content=\"sv_SE\" \/>\n<meta property=\"og:type\" content=\"article\" \/>\n<meta property=\"og:title\" content=\"Hem - \u00c4lmhult\" \/>\n<meta property=\"og:description\" content=\"\u00c4lmhult f\u00f6renar det globala med det n\u00e4ra &#8211; En plats full av kreativitet och v\u00e4rme \u2013 d\u00e4r du snabbt k\u00e4nner dig hemma, men har v\u00e4rlden inom r\u00e4ckh\u00e5ll. Lediga jobb Bo &#038; Leva Utbildningar\" \/>\n<meta property=\"og:url\" content=\"https:\/\/almhult.hemsida.eu\/\" \/>\n<meta property=\"og:site_name\" content=\"\u00c4lmhult\" \/>\n<meta property=\"article:modified_time\" content=\"2025-09-12T13:16:59+00:00\" \/>\n<meta name=\"twitter:card\" content=\"summary_large_image\" \/>\n<meta name=\"twitter:label1\" content=\"Ber\u00e4knad l\u00e4stid\" \/>\n\t<meta name=\"twitter:data1\" content=\"1 minut\" \/>\n<script type=\"application\/ld+json\" class=\"yoast-schema-graph\">{\"@context\":\"https:\/\/schema.org\",\"@graph\":[{\"@type\":\"WebPage\",\"@id\":\"https:\/\/almhult.hemsida.eu\/\",\"url\":\"https:\/\/almhult.hemsida.eu\/\",\"name\":\"Hem - \u00c4lmhult\",\"isPartOf\":{\"@id\":\"https:\/\/almhult.hemsida.eu\/#website\"},\"datePublished\":\"2025-08-21T08:11:20+00:00\",\"dateModified\":\"2025-09-12T13:16:59+00:00\",\"breadcrumb\":{\"@id\":\"https:\/\/almhult.hemsida.eu\/#breadcrumb\"},\"inLanguage\":\"sv-SE\",\"potentialAction\":[{\"@type\":\"ReadAction\",\"target\":[\"https:\/\/almhult.hemsida.eu\/\"]}]},{\"@type\":\"BreadcrumbList\",\"@id\":\"https:\/\/almhult.hemsida.eu\/#breadcrumb\",\"itemListElement\":[{\"@type\":\"ListItem\",\"position\":1,\"name\":\"Hem\",\"item\":\"https:\/\/almhult.hemsida.eu\/\"},{\"@type\":\"ListItem\",\"position\":2,\"name\":\"Hem\"}]},{\"@type\":\"WebSite\",\"@id\":\"https:\/\/almhult.hemsida.eu\/#website\",\"url\":\"https:\/\/almhult.hemsida.eu\/\",\"name\":\"\u00c4lmhult\",\"description\":\"\",\"publisher\":{\"@id\":\"https:\/\/almhult.hemsida.eu\/#organization\"},\"potentialAction\":[{\"@type\":\"SearchAction\",\"target\":{\"@type\":\"EntryPoint\",\"urlTemplate\":\"https:\/\/almhult.hemsida.eu\/?s={search_term_string}\"},\"query-input\":{\"@type\":\"PropertyValueSpecification\",\"valueRequired\":true,\"valueName\":\"search_term_string\"}}],\"inLanguage\":\"sv-SE\"},{\"@type\":\"Organization\",\"@id\":\"https:\/\/almhult.hemsida.eu\/#organization\",\"name\":\"\u00c4lmhult\",\"url\":\"https:\/\/almhult.hemsida.eu\/\",\"logo\":{\"@type\":\"ImageObject\",\"inLanguage\":\"sv-SE\",\"@id\":\"https:\/\/almhult.hemsida.eu\/#\/schema\/logo\/image\/\",\"url\":\"https:\/\/almhult.hemsida.eu\/wp-content\/uploads\/2025\/08\/LjungbyPVM-LogoPayoff-RGB-Svart.png\",\"contentUrl\":\"https:\/\/almhult.hemsida.eu\/wp-content\/uploads\/2025\/08\/LjungbyPVM-LogoPayoff-RGB-Svart.png\",\"width\":452,\"height\":281,\"caption\":\"\u00c4lmhult\"},\"image\":{\"@id\":\"https:\/\/almhult.hemsida.eu\/#\/schema\/logo\/image\/\"}}]}<\/script>\n<!-- \/ Yoast SEO plugin. -->","yoast_head_json":{"title":"Hem - \u00c4lmhult","robots":{"index":"noindex","follow":"follow","max-snippet":"max-snippet:-1","max-image-preview":"max-image-preview:large","max-video-preview":"max-video-preview:-1"},"og_locale":"sv_SE","og_type":"article","og_title":"Hem - \u00c4lmhult","og_description":"\u00c4lmhult f\u00f6renar det globala med det n\u00e4ra &#8211; En plats full av kreativitet och v\u00e4rme \u2013 d\u00e4r du snabbt k\u00e4nner dig hemma, men har v\u00e4rlden inom r\u00e4ckh\u00e5ll. Lediga jobb Bo &#038; Leva Utbildningar","og_url":"https:\/\/almhult.hemsida.eu\/","og_site_name":"\u00c4lmhult","article_modified_time":"2025-09-12T13:16:59+00:00","twitter_card":"summary_large_image","twitter_misc":{"Ber\u00e4knad l\u00e4stid":"1 minut"},"schema":{"@context":"https:\/\/schema.org","@graph":[{"@type":"WebPage","@id":"https:\/\/almhult.hemsida.eu\/","url":"https:\/\/almhult.hemsida.eu\/","name":"Hem - \u00c4lmhult","isPartOf":{"@id":"https:\/\/almhult.hemsida.eu\/#website"},"datePublished":"2025-08-21T08:11:20+00:00","dateModified":"2025-09-12T13:16:59+00:00","breadcrumb":{"@id":"https:\/\/almhult.hemsida.eu\/#breadcrumb"},"inLanguage":"sv-SE","potentialAction":[{"@type":"ReadAction","target":["https:\/\/almhult.hemsida.eu\/"]}]},{"@type":"BreadcrumbList","@id":"https:\/\/almhult.hemsida.eu\/#breadcrumb","itemListElement":[{"@type":"ListItem","position":1,"name":"Hem","item":"https:\/\/almhult.hemsida.eu\/"},{"@type":"ListItem","position":2,"name":"Hem"}]},{"@type":"WebSite","@id":"https:\/\/almhult.hemsida.eu\/#website","url":"https:\/\/almhult.hemsida.eu\/","name":"\u00c4lmhult","description":"","publisher":{"@id":"https:\/\/almhult.hemsida.eu\/#organization"},"potentialAction":[{"@type":"SearchAction","target":{"@type":"EntryPoint","urlTemplate":"https:\/\/almhult.hemsida.eu\/?s={search_term_string}"},"query-input":{"@type":"PropertyValueSpecification","valueRequired":true,"valueName":"search_term_string"}}],"inLanguage":"sv-SE"},{"@type":"Organization","@id":"https:\/\/almhult.hemsida.eu\/#organization","name":"\u00c4lmhult","url":"https:\/\/almhult.hemsida.eu\/","logo":{"@type":"ImageObject","inLanguage":"sv-SE","@id":"https:\/\/almhult.hemsida.eu\/#\/schema\/logo\/image\/","url":"https:\/\/almhult.hemsida.eu\/wp-content\/uploads\/2025\/08\/LjungbyPVM-LogoPayoff-RGB-Svart.png","contentUrl":"https:\/\/almhult.hemsida.eu\/wp-content\/uploads\/2025\/08\/LjungbyPVM-LogoPayoff-RGB-Svart.png","width":452,"height":281,"caption":"\u00c4lmhult"},"image":{"@id":"https:\/\/almhult.hemsida.eu\/#\/schema\/logo\/image\/"}}]}},"_links":{"self":[{"href":"https:\/\/almhult.hemsida.eu\/index.php?rest_route=\/wp\/v2\/pages\/27","targetHints":{"allow":["GET"]}}],"collection":[{"href":"https:\/\/almhult.hemsida.eu\/index.php?rest_route=\/wp\/v2\/pages"}],"about":[{"href":"https:\/\/almhult.hemsida.eu\/index.php?rest_route=\/wp\/v2\/types\/page"}],"author":[{"embeddable":true,"href":"https:\/\/almhult.hemsida.eu\/index.php?rest_route=\/wp\/v2\/users\/1"}],"replies":[{"embeddable":true,"href":"https:\/\/almhult.hemsida.eu\/index.php?rest_route=%2Fwp%2Fv2%2Fcomments&post=27"}],"version-history":[{"count":152,"href":"https:\/\/almhult.hemsida.eu\/index.php?rest_route=\/wp\/v2\/pages\/27\/revisions"}],"predecessor-version":[{"id":672,"href":"https:\/\/almhult.hemsida.eu\/index.php?rest_route=\/wp\/v2\/pages\/27\/revisions\/672"}],"wp:attachment":[{"href":"https:\/\/almhult.hemsida.eu\/index.php?rest_route=%2Fwp%2Fv2%2Fmedia&parent=27"}],"curies":[{"name":"wp","href":"https:\/\/api.w.org\/{rel}","templated":true}]}}